{"id":8507,"date":"2023-05-30T21:20:40","date_gmt":"2023-05-30T21:20:40","guid":{"rendered":"https:\/\/wearemicodesign.com\/?page_id=8507"},"modified":"2024-07-11T18:57:06","modified_gmt":"2024-07-11T18:57:06","slug":"press","status":"publish","type":"page","link":"https:\/\/wearemicodesign.com\/es\/press\/","title":{"rendered":"Prensa"},"content":{"rendered":"<div class=\"wpb-content-wrapper\"><div class=\"vc-row-container container\"><div class=\"vc_row wpb_row vc_row-fluid\"><div class=\"wpb_column vc_column_container vc_col-sm-12\"><div class=\"vc_column-inner\"><div class=\"wpb_wrapper\">\n\t<div class=\"wpb_text_column wpb_content_element post-formatting\" >\n\t\t<div class=\"wpb_wrapper\">\n\t\t\t<p><strong>BOLD JOURNEY<br \/><\/strong><a href=\"https:\/\/boldjourney.com\/meet-mico-design-studio\/\">Meet Mico Design Studio<\/a><\/p>\n<p><strong>MIAMI EATER<br \/><\/strong><a href=\"https:\/\/miami.eater.com\/2024\/7\/8\/24192239\/piegari-debuts-its-first-u-s-outpost-today\">One of Argentina\u2019s Most Celebrated Italian Restaurants Debuts in Wynwood<\/a><\/p>\n<p><strong>WHAT NOW MIA<br \/><\/strong><a href=\"https:\/\/whatnowmia.com\/argentinas-piegari-ristorante-opens-first-u-s-location-in-wynwood\/\">Argentina\u2019s Piegari Ristorante Opens First U.S. Location In Wynwood<\/a><\/p>\n<p><strong>FORBES<br \/><\/strong><a href=\"https:\/\/www.forbesargentina.com\/lifestyle\/el-messi-vinos-argentinos-acaba-inaugurar-casa-vigil-miami-estamos-encantados-n46048\">El &#8216;Messi de los vinos argentinos&#8217; acaba de inaugurar &#8220;Casa Vigil&#8221; en Miami: &#8220;Estamos encantados&#8221;<\/a><strong><br \/><\/strong><\/p>\n<p><strong>LA NACI\u00d3N<\/strong><br \/><a href=\"https:\/\/www.lanacion.com.ar\/sociedad\/el-barrio-de-miami-donde-se-puede-comer-en-los-mismos-restaurantes-que-estan-en-buenos-aires-nid05012024\/\">El barrio de Miami donde se puede comer en los mismos restaurantes que est\u00e1n en Buenos Aires<\/a><\/p>\n<p><strong>INFOBAE<br \/><\/strong><a href=\"https:\/\/www.infobae.com\/tendencias\/2023\/12\/09\/un-recorrido-por-las-nuevas-oficinas-de-la-afa-en-miami-un-hito-del-diseno-en-homenaje-a-los-campeones-del-mundo\/\">Un recorrido por las nuevas oficinas de la AFA en Miami, un hito del dise\u00f1o en homenaje a los campeones del mundo<\/a><\/p>\n<p><strong>INFOBAE<\/strong><br \/><a href=\"https:\/\/www.infobae.com\/fotos\/2023\/12\/07\/14-fotos-de-la-inauguracion-de-las-nuevas-oficinas-de-la-afa-en-miami-con-la-presencia-de-gianni-infantino-y-alejandro-dominguez\/\">14 fotos de la inauguraci\u00f3n de las nuevas oficinas de la AFA en Miami, con la presencia de Gianni Infantino y Alejandro Dom\u00ednguez<\/a><\/p>\n<p><strong>ASOCIACI\u00d3N DEL F\u00daTBOL ARGENTINO<\/strong><br \/><a href=\"https:\/\/www.afa.com.ar\/es\/posts\/inauguracion-de-las-oficinas-de-la-afa-en-miami\">El presidente Claudio Tapia inaugur\u00f3 las oficinas de la AFA en Miami<\/a><\/p>\n<p><strong>P\u00c1GINA 12<br \/><\/strong><a href=\"https:\/\/www.pagina12.com.ar\/693008-la-afa-inauguro-nuevas-oficinas-en-la-ciudad-de-miami\">La AFA inaugur\u00f3 nuevas oficinas en la ciudad de Miami<\/a><\/p>\n<p><strong>TELAM<br \/><\/strong><a href=\"https:\/\/www.telam.com.ar\/notas\/202312\/648873-claudio-tapia-oficinas-afa-estados-unidos-futbol-wynwood-lionel-messi.html\">Claudio Tapia inaugur\u00f3 las oficinas de la AFA en Miami<\/a><\/p>\n<p><strong>OL\u00c9<br \/><\/strong><a href=\"https:\/\/www.ole.com.ar\/seleccion\/toda-intimidad-nuevas-oficinas-afa-miami_3_xjuEYlvvyo.html\">Toda la intimidad de las nuevas oficinas de AFA en Miami<\/a><strong><br \/><\/strong><\/p>\n<p><strong>LUXURY GUIDE<br \/><\/strong><a href=\"https:\/\/luxuryguideusa.com\/wynwood-four-exciting-projects-set-to-open-their-doors-soon\/\">Wynwood: four exciting projects set to open their doors soon<\/a><\/p>\n<p><strong>VOYAGEMIA<br \/><\/strong><a href=\"https:\/\/voyagemia.com\/interview\/hidden-gems-meet-victoria-cufre-and-agustina-fernandez-of-mico-design-studio\/\">Hidden Gems: Meet Victoria Cufre and Agustina Fernandez of Mico Design Studio<\/a><\/p>\n<p><strong>NEWSWEEK ARGENTINA<\/strong><br \/><a href=\"https:\/\/www.newsweek.com.ar\/lifestyle\/interiorismo-comercial-como-impulsar-proyectos-con-espacios-innovadores\/\">Interiorismo comercial: c\u00f3mo impulsar proyectos con espacios innovadores<\/a><\/p>\n<p><strong>SHOUTOUT<\/strong><br \/><a href=\"https:\/\/shoutoutmiami.com\/meetvictoria-cufre-and-agustina-fernandez-founders-of-mico-design-studio\/\" target=\"_blank\" rel=\"noreferrer noopener\">Meet Victoria Cufr\u00e9 and Agustina Fern\u00e1ndez Founders of Mico Design Studio<\/a><\/p>\n<p><strong>EL ESPECTADOR<\/strong><br \/><a href=\"https:\/\/www.elespectador.com\/turismo\/sol-playa-y-gastronomia-donde-comer-en-miami-los-mejores-restaurantes-en-2023\/\" target=\"_blank\" rel=\"noreferrer noopener\">Sol, playa y gastronom\u00eda: \u00bfD\u00f3nde comer en Miami? Los mejores restaurantes en 2023<\/a><\/p>\n<p><strong>FSR MAGAZINE\u00a0<\/strong><br \/><a href=\"https:\/\/www.fsrmagazine.com\/content\/culinary-edge-joins-vida-estilo-restaurant-group-open-new-all-day-cafe-miami\" target=\"_blank\" rel=\"noreferrer noopener\">The Culinary Edge Joins Vida &amp; Estilo Restaurant Group to Open New All-Day Caf\u00e9 in Miami<\/a><\/p>\n<p><strong>LUXURY GUIDE USA<\/strong><br \/><a href=\"https:\/\/luxuryguideusa.com\/rishtedar-debuts-authentic-indian-cuisine-in-the-heart-of-wynwood\/\" target=\"_blank\" rel=\"noreferrer noopener\">Rishtedar Debuts Authentic Indian Cuisine in the Heart of Wynwood<\/a><\/p>\n<p><strong>OFF THE MRKT\u00a0<\/strong><br \/><a href=\"https:\/\/www.offthemrkt.com\/blogs\/rishtedar-debuts-authentic-indian-cuisine-in-the-heart-of-wynwood\" target=\"_blank\" rel=\"noreferrer noopener\">Rishtedar Debuts Authentic Indian Cuisine In The Heart Of Wynwood Miami<\/a><\/p>\n<p><strong>DEBUT PANAMA<\/strong><br \/><a href=\"https:\/\/issuu.com\/debutmagazinepanama\/docs\/edicion_abril_2023_debut_magazine_web\" target=\"_blank\" rel=\"noreferrer noopener\">Mico Design Studio: Esta es la firma de interiorismo detr\u00e1s de importantes proyectos en Miami<\/a><\/p>\n<p><strong>NEWSWEEK<\/strong><br \/><a href=\"https:\/\/www.newsweek.com.ar\/lifestyle\/reabrio-un-icono-de-south-beach-el-cafe-preferido-de-versace\/\" target=\"_blank\" rel=\"noreferrer noopener\">Reabri\u00f3 el caf\u00e9 preferido de Versace, \u00edcono de South Beach<\/a><\/p>\n<p><strong>MUSTIQUE<\/strong><br \/><a href=\"https:\/\/www.mustique.com.ar\/viajes\/miami-en-auge-diseno-gastronomia-y-nuevos-hotspots\/\" target=\"_blank\" rel=\"noreferrer noopener\">Miami en auge, dise\u00f1o, gastronom\u00eda y nuevos hotspots<\/a><\/p>\n<p><strong>WHAT NOW MIAMI<\/strong><br \/><a href=\"https:\/\/whatnowmia.com\/rishtedar-debuts-authentic-indian-cuisine-in-the-heart-of-wynwood\/\" target=\"_blank\" rel=\"noreferrer noopener\">Rishtedar Debuts Authentic Indian Cuisine in the Heart of Wynwood<\/a><\/p>\n<p><strong>MY MIAMI NOW<\/strong><br \/><a href=\"https:\/\/mymiaminow.com\/2023\/04\/santiago-chile-restaurante-indio-rishtedar-wynwood\/\" target=\"_blank\" rel=\"noreferrer noopener\">Desde Santiago de Chile, el restaurante indio Rishtedar llega a Wynwood<\/a><\/p>\n<p><strong>TRAVEL AND LIFE<\/strong><br \/><a href=\"https:\/\/travelandlife.com.mx\/reabre-news-cafe-miami\/\" target=\"_blank\" rel=\"noreferrer noopener\">El caf\u00e9 m\u00e1s famoso de Miami: News Caf\u00e9<\/a><\/p>\n<p><strong><br \/><\/strong><\/p>\n<p><em><br \/><\/em><\/p>\n<p>\u00a0<\/p>\n\n\t\t<\/div>\n\t<\/div>\n<\/div><\/div><\/div><\/div><\/div><\/div>","protected":false},"excerpt":{"rendered":"BOLD JOURNEYMeet Mico Design Studio MIAMI EATEROne of Argentina\u2019s Most Celebrated Italian Restaurants Debuts in Wynwood WHAT NOW MIAArgentina\u2019s Piegari Ristorante Opens First U.S. Location In Wynwood FORBESEl 'Messi de los vinos argentinos' acaba de inaugurar \"Casa Vigil\" en Miami: \"Estamos encantados\" LA NACI\u00d3NEl barrio de Miami donde se puede comer en los mismos restaurantes&hellip;","protected":false},"author":2,"featured_media":0,"parent":0,"menu_order":4,"comment_status":"closed","ping_status":"closed","template":"","meta":{"_acf_changed":false,"_monsterinsights_skip_tracking":false,"_monsterinsights_sitenote_active":false,"_monsterinsights_sitenote_note":"","_monsterinsights_sitenote_category":0,"footnotes":""},"acf":[],"_links":{"self":[{"href":"https:\/\/wearemicodesign.com\/es\/wp-json\/wp\/v2\/pages\/8507"}],"collection":[{"href":"https:\/\/wearemicodesign.com\/es\/wp-json\/wp\/v2\/pages"}],"about":[{"href":"https:\/\/wearemicodesign.com\/es\/wp-json\/wp\/v2\/types\/page"}],"author":[{"embeddable":true,"href":"https:\/\/wearemicodesign.com\/es\/wp-json\/wp\/v2\/users\/2"}],"replies":[{"embeddable":true,"href":"https:\/\/wearemicodesign.com\/es\/wp-json\/wp\/v2\/comments?post=8507"}],"version-history":[{"count":29,"href":"https:\/\/wearemicodesign.com\/es\/wp-json\/wp\/v2\/pages\/8507\/revisions"}],"predecessor-version":[{"id":11788,"href":"https:\/\/wearemicodesign.com\/es\/wp-json\/wp\/v2\/pages\/8507\/revisions\/11788"}],"wp:attachment":[{"href":"https:\/\/wearemicodesign.com\/es\/wp-json\/wp\/v2\/media?parent=8507"}],"curies":[{"name":"wp","href":"https:\/\/api.w.org\/{rel}","templated":true}]}}