{"id":9127,"date":"2023-06-20T01:30:32","date_gmt":"2023-06-20T01:30:32","guid":{"rendered":"https:\/\/wearemicodesign.com\/?page_id=9127"},"modified":"2024-06-03T15:45:24","modified_gmt":"2024-06-03T15:45:24","slug":"our-services","status":"publish","type":"page","link":"https:\/\/wearemicodesign.com\/es\/our-services\/","title":{"rendered":"Servicios"},"content":{"rendered":"<div class=\"wpb-content-wrapper\"><div class=\"vc-row-container container\"><div class=\"vc_row wpb_row vc_row-fluid\"><div class=\"wpb_column vc_column_container vc_col-sm-12\"><div class=\"vc_column-inner\"><div class=\"wpb_wrapper\"><div class=\"section-title\">\n    <h1>Nuestros Servicios<\/h1>\n<\/div>\n\t<div class=\"wpb_text_column wpb_content_element vc_custom_1717429524036 post-formatting\" >\n\t\t<div class=\"wpb_wrapper\">\n\t\t\t<p>La colaboraci\u00f3n es el centro de nuestra filosof\u00eda de dise\u00f1o. Trabajamos estrechamente con vos para ofrecerte espacios que combinen funcionalidad y est\u00e9tica. Desde el concepto inicial hasta la finalizaci\u00f3n, nuestro experimentado equipo se asegura de abordar de manera integral todas tus necesidades.<\/p>\n<p>Nos asociamos con contratistas y fabricantes de primer nivel para tomar decisiones estructurales bien informadas, cubriendo cada aspecto, desde pisos e iluminaci\u00f3n hasta caracter\u00edsticas arquitect\u00f3nicas y acabados.<\/p>\n\n\t\t<\/div>\n\t<\/div>\n<\/div><\/div><\/div><\/div><\/div><div class=\"vc-row-container container\"><div class=\"vc_row wpb_row vc_row-fluid vc_custom_1687272490452\"><div class=\"wpb_column vc_column_container vc_col-sm-6\"><div class=\"vc_column-inner\"><div class=\"wpb_wrapper\"><div class=\"icon-box-container\">\n\t\n\t<div class=\"vc_icon_element vc_icon_element-outer vc_do_icon vc_icon_element-align-left vc_icon_element-have-style\"><div class=\"vc_icon_element-inner vc_icon_element-color-chino vc_icon_element-have-style-inner vc_icon_element-size-md vc_icon_element-style-rounded vc_icon_element-background vc_icon_element-background-color-grey\" ><span class=\"vc_icon_element-icon icon-basic-pencil-ruler\" ><\/span><\/div><\/div><div class=\"icon-box-content text-alignment-left\">\n    <h3>\n\t\t\t\t\tDise\u00f1o\t\t    <\/h3>\n\n    <div class=\"box-content-p\">\n\t\t<p>\"Layout\" \/ Distribuci\u00f3n<br \/>\n\"Look and Feel\" \/ Estilo y apariencia<br \/>\nMood Boards \/ Tableros de inspiraci\u00f3n<br \/>\nRenderizados<br \/>\nConstrucci\u00f3n y mobiliario: Estimaci\u00f3n de presupuesto<\/p>\n    <\/div>\n<\/div>\t\n<\/div><\/div><\/div><\/div><div class=\"wpb_column vc_column_container vc_col-sm-6\"><div class=\"vc_column-inner\"><div class=\"wpb_wrapper\">\n\t<div  class=\"wpb_single_image wpb_content_element vc_align_left wpb_content_element\">\n\t\t\n\t\t<figure class=\"wpb_wrapper vc_figure\">\n\t\t\t<div class=\"vc_single_image-wrapper   vc_box_border_grey\"><img loading=\"lazy\" decoding=\"async\" width=\"945\" height=\"629\" src=\"https:\/\/wearemicodesign.com\/wp-content\/uploads\/2023\/06\/mico-int-design-studio-miami-1024x682.jpg\" class=\"vc_single_image-img attachment-large\" alt=\"\" title=\"mico-int-design-studio-miami\" srcset=\"https:\/\/wearemicodesign.com\/wp-content\/uploads\/2023\/06\/mico-int-design-studio-miami-1024x682.jpg 1024w, https:\/\/wearemicodesign.com\/wp-content\/uploads\/2023\/06\/mico-int-design-studio-miami-300x200.jpg 300w, https:\/\/wearemicodesign.com\/wp-content\/uploads\/2023\/06\/mico-int-design-studio-miami-150x100.jpg 150w, https:\/\/wearemicodesign.com\/wp-content\/uploads\/2023\/06\/mico-int-design-studio-miami-768x512.jpg 768w, https:\/\/wearemicodesign.com\/wp-content\/uploads\/2023\/06\/mico-int-design-studio-miami-1536x1023.jpg 1536w, https:\/\/wearemicodesign.com\/wp-content\/uploads\/2023\/06\/mico-int-design-studio-miami-18x12.jpg 18w, https:\/\/wearemicodesign.com\/wp-content\/uploads\/2023\/06\/mico-int-design-studio-miami-1116x744.jpg 1116w, https:\/\/wearemicodesign.com\/wp-content\/uploads\/2023\/06\/mico-int-design-studio-miami-806x537.jpg 806w, https:\/\/wearemicodesign.com\/wp-content\/uploads\/2023\/06\/mico-int-design-studio-miami-558x372.jpg 558w, https:\/\/wearemicodesign.com\/wp-content\/uploads\/2023\/06\/mico-int-design-studio-miami-655x436.jpg 655w, https:\/\/wearemicodesign.com\/wp-content\/uploads\/2023\/06\/mico-int-design-studio-miami-600x400.jpg 600w, https:\/\/wearemicodesign.com\/wp-content\/uploads\/2023\/06\/mico-int-design-studio-miami.jpg 1600w\" sizes=\"(max-width: 945px) 100vw, 945px\" \/><\/div>\n\t\t<\/figure>\n\t<\/div>\n<\/div><\/div><\/div><\/div><\/div><div class=\"vc-row-container container\"><div class=\"vc_row wpb_row vc_row-fluid\"><div class=\"wpb_column vc_column_container vc_col-sm-6\"><div class=\"vc_column-inner\"><div class=\"wpb_wrapper\"><div class=\"icon-box-container\">\n\t\n\t<div class=\"vc_icon_element vc_icon_element-outer vc_do_icon vc_icon_element-align-left vc_icon_element-have-style\"><div class=\"vc_icon_element-inner vc_icon_element-color-chino vc_icon_element-have-style-inner vc_icon_element-size-md vc_icon_element-style-rounded vc_icon_element-background vc_icon_element-background-color-grey\" ><span class=\"vc_icon_element-icon icon-basic-webpage-multiple\" ><\/span><\/div><\/div><div class=\"icon-box-content text-alignment-left\">\n    <h3>\n\t\t\t\t\tEjecuci\u00f3n\t\t    <\/h3>\n\n    <div class=\"box-content-p\">\n\t\t<p>Documento de construcci\u00f3n para permisos<br \/>\nCity Permits Follow-up &amp; Supervision<br \/>\nPresupuesto de dise\u00f1o<br \/>\nPresupuesto final<br \/>\nGesti\u00f3n contable<\/p>\n    <\/div>\n<\/div>\t\n<\/div><\/div><\/div><\/div><div class=\"wpb_column vc_column_container vc_col-sm-6\"><div class=\"vc_column-inner\"><div class=\"wpb_wrapper\">\n\t<div  class=\"wpb_single_image wpb_content_element vc_align_left wpb_content_element\">\n\t\t\n\t\t<figure class=\"wpb_wrapper vc_figure\">\n\t\t\t<div class=\"vc_single_image-wrapper   vc_box_border_grey\"><img loading=\"lazy\" decoding=\"async\" width=\"945\" height=\"629\" src=\"https:\/\/wearemicodesign.com\/wp-content\/uploads\/2023\/06\/mico-interior-design-studio-miami-1-1024x682.jpg\" class=\"vc_single_image-img attachment-large\" alt=\"\" title=\"mico-interior-design-studio-miami\" srcset=\"https:\/\/wearemicodesign.com\/wp-content\/uploads\/2023\/06\/mico-interior-design-studio-miami-1-1024x682.jpg 1024w, https:\/\/wearemicodesign.com\/wp-content\/uploads\/2023\/06\/mico-interior-design-studio-miami-1-300x200.jpg 300w, https:\/\/wearemicodesign.com\/wp-content\/uploads\/2023\/06\/mico-interior-design-studio-miami-1-150x100.jpg 150w, https:\/\/wearemicodesign.com\/wp-content\/uploads\/2023\/06\/mico-interior-design-studio-miami-1-768x512.jpg 768w, https:\/\/wearemicodesign.com\/wp-content\/uploads\/2023\/06\/mico-interior-design-studio-miami-1-1536x1023.jpg 1536w, https:\/\/wearemicodesign.com\/wp-content\/uploads\/2023\/06\/mico-interior-design-studio-miami-1-18x12.jpg 18w, https:\/\/wearemicodesign.com\/wp-content\/uploads\/2023\/06\/mico-interior-design-studio-miami-1-1116x744.jpg 1116w, https:\/\/wearemicodesign.com\/wp-content\/uploads\/2023\/06\/mico-interior-design-studio-miami-1-806x537.jpg 806w, https:\/\/wearemicodesign.com\/wp-content\/uploads\/2023\/06\/mico-interior-design-studio-miami-1-558x372.jpg 558w, https:\/\/wearemicodesign.com\/wp-content\/uploads\/2023\/06\/mico-interior-design-studio-miami-1-655x436.jpg 655w, https:\/\/wearemicodesign.com\/wp-content\/uploads\/2023\/06\/mico-interior-design-studio-miami-1-600x400.jpg 600w, https:\/\/wearemicodesign.com\/wp-content\/uploads\/2023\/06\/mico-interior-design-studio-miami-1.jpg 1600w\" sizes=\"(max-width: 945px) 100vw, 945px\" \/><\/div>\n\t\t<\/figure>\n\t<\/div>\n<\/div><\/div><\/div><\/div><\/div><div class=\"vc-row-container container\"><div class=\"vc_row wpb_row vc_row-fluid\"><div class=\"wpb_column vc_column_container vc_col-sm-6\"><div class=\"vc_column-inner\"><div class=\"wpb_wrapper\"><div class=\"icon-box-container\">\n\t\n\t<div class=\"vc_icon_element vc_icon_element-outer vc_do_icon vc_icon_element-align-left vc_icon_element-have-style\"><div class=\"vc_icon_element-inner vc_icon_element-color-chino vc_icon_element-have-style-inner vc_icon_element-size-md vc_icon_element-style-rounded vc_icon_element-background vc_icon_element-background-color-grey\" ><span class=\"vc_icon_element-icon icon-basic-settings\" ><\/span><\/div><\/div><div class=\"icon-box-content text-alignment-left\">\n    <h3>\n\t\t\t\t\tMateriales de acabado &amp; Proceso de Compra\t\t    <\/h3>\n\n    <div class=\"box-content-p\">\n\t\t<p>Ejecuci\u00f3n y gesti\u00f3n de la obra<br \/>\nManufacture of Custom-made Pieces<br \/>\nCompra de accesorios de decoraci\u00f3n<br \/>\nCompra de mobiliario<br \/>\nFinal Set-up &amp; Staging<\/p>\n    <\/div>\n<\/div>\t\n<\/div><\/div><\/div><\/div><div class=\"wpb_column vc_column_container vc_col-sm-6\"><div class=\"vc_column-inner\"><div class=\"wpb_wrapper\">\n\t<div  class=\"wpb_single_image wpb_content_element vc_align_left wpb_content_element\">\n\t\t\n\t\t<figure class=\"wpb_wrapper vc_figure\">\n\t\t\t<div class=\"vc_single_image-wrapper   vc_box_border_grey\"><img loading=\"lazy\" decoding=\"async\" width=\"945\" height=\"629\" src=\"https:\/\/wearemicodesign.com\/wp-content\/uploads\/2023\/06\/mico-interior-design-1024x682.jpg\" class=\"vc_single_image-img attachment-large\" alt=\"\" title=\"mico-interior-design\" srcset=\"https:\/\/wearemicodesign.com\/wp-content\/uploads\/2023\/06\/mico-interior-design-1024x682.jpg 1024w, https:\/\/wearemicodesign.com\/wp-content\/uploads\/2023\/06\/mico-interior-design-300x200.jpg 300w, https:\/\/wearemicodesign.com\/wp-content\/uploads\/2023\/06\/mico-interior-design-150x100.jpg 150w, https:\/\/wearemicodesign.com\/wp-content\/uploads\/2023\/06\/mico-interior-design-768x512.jpg 768w, https:\/\/wearemicodesign.com\/wp-content\/uploads\/2023\/06\/mico-interior-design-1536x1023.jpg 1536w, https:\/\/wearemicodesign.com\/wp-content\/uploads\/2023\/06\/mico-interior-design-18x12.jpg 18w, https:\/\/wearemicodesign.com\/wp-content\/uploads\/2023\/06\/mico-interior-design-1116x744.jpg 1116w, https:\/\/wearemicodesign.com\/wp-content\/uploads\/2023\/06\/mico-interior-design-806x537.jpg 806w, https:\/\/wearemicodesign.com\/wp-content\/uploads\/2023\/06\/mico-interior-design-558x372.jpg 558w, https:\/\/wearemicodesign.com\/wp-content\/uploads\/2023\/06\/mico-interior-design-655x436.jpg 655w, https:\/\/wearemicodesign.com\/wp-content\/uploads\/2023\/06\/mico-interior-design-600x400.jpg 600w, https:\/\/wearemicodesign.com\/wp-content\/uploads\/2023\/06\/mico-interior-design.jpg 1600w\" sizes=\"(max-width: 945px) 100vw, 945px\" \/><\/div>\n\t\t<\/figure>\n\t<\/div>\n<\/div><\/div><\/div><\/div><\/div>\n<\/div>","protected":false},"excerpt":{"rendered":"Our Services Collaboration is at the heart of our design philosophy. We work closely with you to deliver spaces that blend functionality and aesthetics. From the initial concept to completion, our experienced team ensures that all your needs are comprehensively addressed. We partner with top-tier contractors and manufacturers to make well-informed structural decisions, covering every&hellip;","protected":false},"author":2,"featured_media":0,"parent":0,"menu_order":3,"comment_status":"closed","ping_status":"closed","template":"","meta":{"_acf_changed":false,"_monsterinsights_skip_tracking":false,"_monsterinsights_sitenote_active":false,"_monsterinsights_sitenote_note":"","_monsterinsights_sitenote_category":0,"footnotes":""},"acf":[],"_links":{"self":[{"href":"https:\/\/wearemicodesign.com\/es\/wp-json\/wp\/v2\/pages\/9127"}],"collection":[{"href":"https:\/\/wearemicodesign.com\/es\/wp-json\/wp\/v2\/pages"}],"about":[{"href":"https:\/\/wearemicodesign.com\/es\/wp-json\/wp\/v2\/types\/page"}],"author":[{"embeddable":true,"href":"https:\/\/wearemicodesign.com\/es\/wp-json\/wp\/v2\/users\/2"}],"replies":[{"embeddable":true,"href":"https:\/\/wearemicodesign.com\/es\/wp-json\/wp\/v2\/comments?post=9127"}],"version-history":[{"count":51,"href":"https:\/\/wearemicodesign.com\/es\/wp-json\/wp\/v2\/pages\/9127\/revisions"}],"predecessor-version":[{"id":11690,"href":"https:\/\/wearemicodesign.com\/es\/wp-json\/wp\/v2\/pages\/9127\/revisions\/11690"}],"wp:attachment":[{"href":"https:\/\/wearemicodesign.com\/es\/wp-json\/wp\/v2\/media?parent=9127"}],"curies":[{"name":"wp","href":"https:\/\/api.w.org\/{rel}","templated":true}]}}